{"id":781,"date":"2025-02-24T09:14:59","date_gmt":"2025-02-24T08:14:59","guid":{"rendered":"https:\/\/estudioespanol.de\/politica-de-privacidad\/"},"modified":"2025-07-06T16:48:33","modified_gmt":"2025-07-06T14:48:33","slug":"politica-de-privacidad","status":"publish","type":"page","link":"https:\/\/estudioespanol.de\/es\/politica-de-privacidad\/","title":{"rendered":"Pol\u00edtica de Privacidad"},"content":{"rendered":"<p>SARA PARDO BALLESTER, se compromete a proteger su privacidad. Esta Pol\u00edtica de Privacidad explica c\u00f3mo recopilamos y utilizamos sus datos personales y qu\u00e9 derechos y opciones tiene al respecto. Consulte tambi\u00e9n nuestra Pol\u00edtica de cookies que explica el uso de cookies y otros dispositivos de seguimiento de la web a trav\u00e9s de nuestro sitio web.<\/p>\n<h2>\u00bfQui\u00e9n es el responsable del tratamiento de sus datos personales?<\/h2>\n<p>SARA PARDO BALLESTER con N.I.F. 74000770H, domicilio social en CALLE MARCEL MIRA, 22 03100 &#8211; JIJOJNA &#8211; ALICANTE, con n\u00famero de tel\u00e9fono 004915776649955 y e-mail: info@estudioespanol.de es el responsable del tratamiento de sus datos de car\u00e1cter personal. Por tanto, nosotros le garantizamos su seguridad y tratamiento confidencial, de conformidad con lo dispuesto en el REGLAMENTO EUROPEO DE PROTECCION DE DATOS (UE) 679\/2016, as\u00ed como cualquier otra normativa que resulte de aplicaci\u00f3n.<\/p>\n<h2>\u00bfCon que fines utilizamos sus datos personales?<\/h2>\n<p>En SARA PARDO BALLESTER utilizamos sus datos en la medida en que sea permitido por el RGPD, as\u00ed como por la normativa vigente que sea de aplicaci\u00f3n. En todo caso el tratamiento se har\u00e1 para fines determinados, expl\u00edcitos y leg\u00edtimos, y en ning\u00fan caso ser\u00e1n tratados de manera incompatible para dichos fines. En concreto se llevar\u00e1n a cabo los siguientes tratamientos:<\/p>\n<p>\u2022 Contestar a sus consultas, solicitudes o peticiones.<br \/>\n\u2022 Gestionar la relaci\u00f3n contractual y la prestaci\u00f3n de los servicios de consulta solicitados por el cliente.<br \/>\n\u2022 Gestionar sus llamadas telef\u00f3nicas.<br \/>\n\u2022 Emitir justificantes de cobro por los servicios prestados en favor del cliente.<br \/>\n\u2022 Para el correcto desempe\u00f1o del servicio solicitado, se tratar\u00e1n los datos personales del cliente necesarios para un seguimiento de la evoluci\u00f3n de este durante la prestaci\u00f3n del servicio.<br \/>\n\u2022 Realizar todos aquellos tr\u00e1mites administrativos, fiscales y contables necesarios para cumplir con nuestros compromisos contractuales y obligaciones fiscales y contables.<br \/>\n\u2022 Cumplimiento de nuestras obligaciones legales.<br \/>\n\u2022 Analizar y mejorar nuestros servicios y comunicaciones con usted.<br \/>\n\u2022 Supervisar y evaluar el cumplimiento de nuestras pol\u00edticas y normas.<br \/>\n\u2022 Gestionar env\u00edo de informaci\u00f3n y prospecci\u00f3n comercial por cualquier v\u00eda en caso de consentimiento expl\u00edcito.<\/p>\n<h2>\u00bfC\u00f3mo recabamos su informaci\u00f3n?<\/h2>\n<p>Recabamos su informaci\u00f3n personal a trav\u00e9s de diferentes medios, pero siempre ser\u00e1 informado en el momento de la recogida mediante cl\u00e1usulas informativas sobre el responsable del tratamiento, la finalidad y la base legal del mismo, los destinatarios de los datos y el periodo de conservaci\u00f3n de su informaci\u00f3n, as\u00ed como la forma en que puede ejercer los derechos que le asisten en materia de protecci\u00f3n de datos. En general, la informaci\u00f3n personal que tratamos se limita a datos identificativos (nombre y apellidos, fecha de nacimiento, domicilio, DNI, tel\u00e9fono y correo electr\u00f3nico), servicios contratados y datos de pago y facturaci\u00f3n. En los casos de gesti\u00f3n y selecci\u00f3n de personal recogemos los datos acad\u00e9micos y profesionales para poder atender a las obligaciones derivadas del mantenimiento de la relaci\u00f3n laboral o en su caso, entrar a formar parte de nuestra plantilla. SARA PARDO BALLESTER, utiliza redes sociales y esta es otra forma de llegar a usted. La informaci\u00f3n recogida a trav\u00e9s de los mensajes y comunicaciones que publica puede contener informaci\u00f3n personal que se encuentra disponible online y accesible al p\u00fablico. Estas redes sociales cuentan con sus propias pol\u00edticas de privacidad donde se explica c\u00f3mo utilizan y comparten su informaci\u00f3n, por lo que SARA PARDO BALLESTER, le recomienda que las consulte antes de hacer uso de estas para confirmar que est\u00e1 de acuerdo con la forma en que su informaci\u00f3n es recogida, tratada y compartida. A trav\u00e9s de nuestra p\u00e1gina web recabamos informaci\u00f3n personal relacionada con su navegaci\u00f3n a trav\u00e9s del uso de cookies. Para conocer de manera clara y precisa las cookies que utilizamos, cu\u00e1les son sus finalidades y c\u00f3mo puede configurarlas o deshabilitarlas, consulte nuestra Pol\u00edtica de Cookies.<\/p>\n<h2>Responsabilidad del usuario<\/h2>\n<p>Al facilitarnos sus datos a trav\u00e9s de canales electr\u00f3nicos, el usuario garantiza que es mayor de 14 a\u00f1os y que los datos facilitados a SARA PARDO BALLESTER, son verdaderos, exactos, completos y actualizados. A estos efectos, el usuario confirma que responde de la veracidad de los datos comunicados y que mantendr\u00e1 convenientemente actualizada dicha informaci\u00f3n de modo que responda a su situaci\u00f3n real, haci\u00e9ndose responsable de los datos falsos e inexactos que pudiera proporcionar, as\u00ed como de los da\u00f1os y perjuicios, directos o indirectos, que pudieran derivarse.<\/p>\n<h2>\u00bfCu\u00e1l es la legitimaci\u00f3n para el tratamiento de sus datos?<\/h2>\n<p>La legitimaci\u00f3n de los tratamientos de los datos personales que llevamos a cabo se hace en todo momento en cumplimiento con lo dispuesto en el art\u00edculo 6 del RGPD, as\u00ed como en el art\u00edculo 8 de la Ley Org\u00e1nica 3\/2018. En los casos en que la legitimaci\u00f3n para la finalidad principal del uso de datos no se encuentre en ninguna de las bases jur\u00eddicas anteriores, se solicitar\u00e1 el consentimiento del interesado para el tratamiento.<\/p>\n<h2>\u00bfCu\u00e1nto tiempo conservamos tus datos?<\/h2>\n<p>Los datos personales ser\u00e1n conservados durante el tiempo necesario para la prestaci\u00f3n del servicio o mientras el interesado no retire su consentimiento. Posteriormente, los datos ser\u00e1n suprimidos conforme a lo dispuesto en la normativa de protecci\u00f3n de datos, lo que implica su bloqueo, estando disponibles tan solo a solicitud de Jueces y tribunales, Defensor del Pueblo, Ministerio Fiscal o las Administraciones P\u00fablicas competentes durante el plazo de prescripci\u00f3n de las acciones que pudieran derivar y, transcurrido \u00e9ste, se proceder\u00e1 a su completa eliminaci\u00f3n.<\/p>\n<h2>\u00bfCon qui\u00e9n compartimos tus datos?<\/h2>\n<p>Le informamos que los datos proporcionados, ser\u00e1n comunicados a los diferentes proveedores de productos y servicios, que sean necesarios para la ejecuci\u00f3n del tratamiento solicitado. Nuestros proveedores est\u00e1n obligados a utilizar los datos proporcionados \u00fanica y exclusivamente para el cumplimiento del servicio solicitado. Los datos personales tratados por SARA PARDO BALLESTER para alcanzar las finalidades detalladas anteriormente podr\u00e1n ser comunicados a los siguientes destinatarios en funci\u00f3n de la base legitimadora de la comunicaci\u00f3n:<\/p>\n<p>\u2022 Las Administraciones P\u00fablicas en los casos previstos por la Ley.<br \/>\n\u2022 Las Fuerzas y Cuerpos de Seguridad del Estado.<br \/>\n\u2022 Los bancos y entidades financieras para el cobro de los servicios contratados.<br \/>\n\u2022 Los registros p\u00fablicos de solvencia patrimonial y a los sistemas de prevenci\u00f3n contra el fraude<\/p>\n<h2>\u00bfCu\u00e1les son sus derechos?<\/h2>\n<p><strong>Derechos:<\/strong><\/p>\n<p>En particular, independientemente de la finalidad o la base legal en virtud de la que tratemos sus datos, tiene derecho a:<\/p>\n<p>\u2022 Derecho de acceso: cualquier persona tiene derecho a obtener confirmaci\u00f3n sobre si SARA PARDO BALLESTER est\u00e1 tratando datos personales que le conciernan.<br \/>\n\u2022 Derecho de rectificaci\u00f3n: Usted tiene derecho a acceder a sus datos personales de los que disponemos y solicitar su rectificaci\u00f3n cuando estos sean inexactos.<br \/>\n\u2022 Derecho de supresi\u00f3n: cuando los datos recabados ya no sean necesarios para la finalidad para los fines que fueron recabados.<br \/>\n\u2022 Derecho a la limitaci\u00f3n del tratamiento: podr\u00e1 solicitar la limitaci\u00f3n del tratamiento de sus datos y solicitar que se conserven para el ejercicio o defensa de reclamaciones.<br \/>\n\u2022 Derecho de portabilidad: tiene derecho a obtener los datos personales que les incumben en un formato estructurado de uso com\u00fan y lectura mec\u00e1nica y a transmitirlos a otro responsable.<br \/>\n\u2022 Derecho a retirar consentimiento: el derecho a retirar cualquier consentimiento que usted nos haya dado previamente para manejar su informaci\u00f3n personal. Si retira su consentimiento, esto no afectar\u00e1 a la legalidad del uso que le dimos a su informaci\u00f3n personal antes de que retirar\u00e1 su consentimiento<\/p>\n<p><strong>\u00bfC\u00f3mo puede ejercer sus derechos?<\/strong><\/p>\n<p>SARA PARDO BALLESTER se compromete a respetar la confidencialidad de sus datos personales y a garantizarle el ejercicio de sus derechos. Puede ejercitarlos sin coste alguno escribi\u00e9ndonos un correo electr\u00f3nico a nuestra direcci\u00f3n info@estudioespanol.de simplemente indic\u00e1ndonos el motivo de su solicitud y el derecho que quiere ejercitar, inform\u00e1ndole que es imprescindible, seg\u00fan Ley, que aporte copia de DNI o NIE. Le informamos tambi\u00e9n que, siguiendo con nuestra pol\u00edtica de transparencia, todos los derechos se encuentran en la p\u00e1gina web a disposici\u00f3n de los clientes. Se le informa que tambi\u00e9n puede ejercer sus derechos presentando una declaraci\u00f3n ante la autoridad de control competente, cuando no haya obtenido satisfacci\u00f3n en el ejercicio de sus derechos.<\/p>\n","protected":false},"excerpt":{"rendered":"<p>SARA PARDO BALLESTER, se compromete a proteger su privacidad. Esta Pol\u00edtica de Privacidad explica c\u00f3mo recopilamos y utilizamos sus datos personales y qu\u00e9 derechos y opciones tiene al respecto. Consulte tambi\u00e9n nuestra Pol\u00edtica de cookies que explica el uso de cookies y otros dispositivos de seguimiento de la web a trav\u00e9s de nuestro sitio web. [&hellip;]<\/p>\n","protected":false},"author":2,"featured_media":0,"parent":0,"menu_order":91,"comment_status":"closed","ping_status":"closed","template":"","meta":{"_acf_changed":false,"inline_featured_image":false,"footnotes":""},"class_list":["post-781","page","type-page","status-publish","hentry"],"acf":[],"_links":{"self":[{"href":"https:\/\/estudioespanol.de\/es\/wp-json\/wp\/v2\/pages\/781","targetHints":{"allow":["GET"]}}],"collection":[{"href":"https:\/\/estudioespanol.de\/es\/wp-json\/wp\/v2\/pages"}],"about":[{"href":"https:\/\/estudioespanol.de\/es\/wp-json\/wp\/v2\/types\/page"}],"author":[{"embeddable":true,"href":"https:\/\/estudioespanol.de\/es\/wp-json\/wp\/v2\/users\/2"}],"replies":[{"embeddable":true,"href":"https:\/\/estudioespanol.de\/es\/wp-json\/wp\/v2\/comments?post=781"}],"version-history":[{"count":2,"href":"https:\/\/estudioespanol.de\/es\/wp-json\/wp\/v2\/pages\/781\/revisions"}],"predecessor-version":[{"id":1278,"href":"https:\/\/estudioespanol.de\/es\/wp-json\/wp\/v2\/pages\/781\/revisions\/1278"}],"wp:attachment":[{"href":"https:\/\/estudioespanol.de\/es\/wp-json\/wp\/v2\/media?parent=781"}],"curies":[{"name":"wp","href":"https:\/\/api.w.org\/{rel}","templated":true}]}}