{"id":612,"date":"2025-03-04T11:38:02","date_gmt":"2025-03-04T10:38:02","guid":{"rendered":"https:\/\/estudioespanol.de\/ueber-mich\/"},"modified":"2025-06-05T17:40:45","modified_gmt":"2025-06-05T15:40:45","slug":"ueber-mich","status":"publish","type":"page","link":"https:\/\/estudioespanol.de\/es\/sobre-mi\/","title":{"rendered":"Sobre M\u00ed"},"content":{"rendered":"<p><span style=\"font-weight: 400;\">A lo largo de estos a\u00f1os, he tenido el privilegio de trabajar con estudiantes de todas las edades y de compartir mi experiencia con otros docentes a trav\u00e9s de talleres de formaci\u00f3n. <\/span><\/p>\n<p><span style=\"font-weight: 400;\">Mi naturaleza inquieta y curiosa me ha llevado a especializarme en la creaci\u00f3n de materiales digitales y en el uso de herramientas educativas innovadoras. Este \u00e1mbito no solo me permite adaptar y personalizar las clases para mis estudiantes, sino que tambi\u00e9n me impulsa a seguir aprendiendo y descubrir un mundo educativo en constante evoluci\u00f3n.\u00a0<\/span><\/p>\n<p><span style=\"font-weight: 400;\">Creo firmemente en la idea de que \u201cEnse\u00f1ar es aprender dos veces \u201d, como dec\u00eda Joseph Joubert. Por ello, cada d\u00eda busco nuevas maneras de enriquecer mi ense\u00f1anza y de hacer que el proceso de aprendizaje sea una experiencia significativa, din\u00e1mica y enriquecedora tanto para mis estudiantes como para m\u00ed.<\/span><\/p>\n","protected":false},"excerpt":{"rendered":"<p>A lo largo de estos a\u00f1os, he tenido el privilegio de trabajar con estudiantes de todas las edades y de compartir mi experiencia con otros docentes a trav\u00e9s de talleres de formaci\u00f3n. Mi naturaleza inquieta y curiosa me ha llevado a especializarme en la creaci\u00f3n de materiales digitales y en el uso de herramientas educativas [&hellip;]<\/p>\n","protected":false},"author":2,"featured_media":588,"parent":0,"menu_order":30,"comment_status":"closed","ping_status":"closed","template":"","meta":{"_acf_changed":false,"inline_featured_image":false,"footnotes":""},"class_list":["post-612","page","type-page","status-publish","has-post-thumbnail","hentry"],"acf":[],"_links":{"self":[{"href":"https:\/\/estudioespanol.de\/es\/wp-json\/wp\/v2\/pages\/612","targetHints":{"allow":["GET"]}}],"collection":[{"href":"https:\/\/estudioespanol.de\/es\/wp-json\/wp\/v2\/pages"}],"about":[{"href":"https:\/\/estudioespanol.de\/es\/wp-json\/wp\/v2\/types\/page"}],"author":[{"embeddable":true,"href":"https:\/\/estudioespanol.de\/es\/wp-json\/wp\/v2\/users\/2"}],"replies":[{"embeddable":true,"href":"https:\/\/estudioespanol.de\/es\/wp-json\/wp\/v2\/comments?post=612"}],"version-history":[{"count":5,"href":"https:\/\/estudioespanol.de\/es\/wp-json\/wp\/v2\/pages\/612\/revisions"}],"predecessor-version":[{"id":1012,"href":"https:\/\/estudioespanol.de\/es\/wp-json\/wp\/v2\/pages\/612\/revisions\/1012"}],"wp:featuredmedia":[{"embeddable":true,"href":"https:\/\/estudioespanol.de\/es\/wp-json\/wp\/v2\/media\/588"}],"wp:attachment":[{"href":"https:\/\/estudioespanol.de\/es\/wp-json\/wp\/v2\/media?parent=612"}],"curies":[{"name":"wp","href":"https:\/\/api.w.org\/{rel}","templated":true}]}}