{"id":610,"date":"2025-02-24T11:08:28","date_gmt":"2025-02-24T10:08:28","guid":{"rendered":"https:\/\/estudioespanol.de\/cuentacuentos\/"},"modified":"2025-06-03T12:15:19","modified_gmt":"2025-06-03T10:15:19","slug":"cuentacuentos","status":"publish","type":"page","link":"https:\/\/estudioespanol.de\/es\/cuentacuentos\/","title":{"rendered":"Cuentacuentos"},"content":{"rendered":"<p>Cada cuento es mucho m\u00e1s que una historia, es una oportunidad para viajar a lugares incre\u00edbles. \u00bfQuer\u00e9is viajar con nosotros? Con nuestras sesiones de cuentacuentos en l\u00ednea, pod\u00e9is descubrir el espa\u00f1ol de una forma m\u00e1gica y llena de sorpresas. \u00a1Y sin salir de casa! \u00bfCu\u00e1l es el secreto?<\/p>\n<p>Historias fascinantes, personajes diversos, valores y actividades motivadoras para aprender de manera natural. A trav\u00e9s de los cuentos, los ni\u00f1os y ni\u00f1as no solo escuchan, sino que cultivan su creatividad, dejan volar su imaginaci\u00f3n, sue\u00f1an, comparten experiencias y descubren otros mundos.<\/p>\n","protected":false},"excerpt":{"rendered":"<p>Cada cuento es mucho m\u00e1s que una historia, es una oportunidad para viajar a lugares incre\u00edbles. \u00bfQuer\u00e9is viajar con nosotros? Con nuestras sesiones de cuentacuentos en l\u00ednea, pod\u00e9is descubrir el espa\u00f1ol de una forma m\u00e1gica y llena de sorpresas. \u00a1Y sin salir de casa! \u00bfCu\u00e1l es el secreto? Historias fascinantes, personajes diversos, valores y actividades [&hellip;]<\/p>\n","protected":false},"author":2,"featured_media":0,"parent":0,"menu_order":12,"comment_status":"closed","ping_status":"closed","template":"","meta":{"_acf_changed":false,"inline_featured_image":false,"footnotes":""},"class_list":["post-610","page","type-page","status-publish","hentry"],"acf":[],"_links":{"self":[{"href":"https:\/\/estudioespanol.de\/es\/wp-json\/wp\/v2\/pages\/610","targetHints":{"allow":["GET"]}}],"collection":[{"href":"https:\/\/estudioespanol.de\/es\/wp-json\/wp\/v2\/pages"}],"about":[{"href":"https:\/\/estudioespanol.de\/es\/wp-json\/wp\/v2\/types\/page"}],"author":[{"embeddable":true,"href":"https:\/\/estudioespanol.de\/es\/wp-json\/wp\/v2\/users\/2"}],"replies":[{"embeddable":true,"href":"https:\/\/estudioespanol.de\/es\/wp-json\/wp\/v2\/comments?post=610"}],"version-history":[{"count":1,"href":"https:\/\/estudioespanol.de\/es\/wp-json\/wp\/v2\/pages\/610\/revisions"}],"predecessor-version":[{"id":802,"href":"https:\/\/estudioespanol.de\/es\/wp-json\/wp\/v2\/pages\/610\/revisions\/802"}],"wp:attachment":[{"href":"https:\/\/estudioespanol.de\/es\/wp-json\/wp\/v2\/media?parent=610"}],"curies":[{"name":"wp","href":"https:\/\/api.w.org\/{rel}","templated":true}]}}